{"id":602,"date":"2024-05-19T23:25:21","date_gmt":"2024-05-19T23:25:21","guid":{"rendered":"https:\/\/reform.agri-techsolutions.com\/?page_id=602"},"modified":"2024-09-07T22:29:36","modified_gmt":"2024-09-07T22:29:36","slug":"aviso-legal","status":"publish","type":"page","link":"https:\/\/www.agri-techsolutions.com\/pt\/aviso-legal\/","title":{"rendered":"Aviso Legal"},"content":{"rendered":"<div data-elementor-type=\"wp-page\" data-elementor-id=\"602\" class=\"elementor elementor-602\" data-elementor-post-type=\"page\">\n\t\t\t\t<div data-particle_enable=\"false\" data-particle-mobile-disabled=\"false\" class=\"elementor-element elementor-element-fb4a14f e-con-full e-flex e-con e-parent\" data-id=\"fb4a14f\" data-element_type=\"container\" data-e-type=\"container\" data-settings=\"{&quot;background_background&quot;:&quot;classic&quot;}\">\n\t\t<div data-particle_enable=\"false\" data-particle-mobile-disabled=\"false\" class=\"elementor-element elementor-element-1bd7f75 e-flex e-con-boxed e-con e-child\" data-id=\"1bd7f75\" data-element_type=\"container\" data-e-type=\"container\" data-settings=\"{&quot;background_background&quot;:&quot;classic&quot;}\">\n\t\t\t\t\t<div class=\"e-con-inner\">\n\t\t\t\t<div class=\"elementor-element elementor-element-96ea888 elementor-widget elementor-widget-spacer\" data-id=\"96ea888\" data-element_type=\"widget\" data-e-type=\"widget\" data-widget_type=\"spacer.default\">\n\t\t\t\t\t\t\t<div class=\"elementor-spacer\">\n\t\t\t<div class=\"elementor-spacer-inner\"><\/div>\n\t\t<\/div>\n\t\t\t\t\t\t<\/div>\n\t\t\t\t<div class=\"elementor-element elementor-element-bef8f5f elementor-widget elementor-widget-heading\" data-id=\"bef8f5f\" data-element_type=\"widget\" data-e-type=\"widget\" data-widget_type=\"heading.default\">\n\t\t\t\t\t<h2 class=\"elementor-heading-title elementor-size-default\">Aviso Legal<\/h2>\t\t\t\t<\/div>\n\t\t\t\t<div class=\"elementor-element elementor-element-28d2ed5 elementor-widget elementor-widget-text-editor\" data-id=\"28d2ed5\" data-element_type=\"widget\" data-e-type=\"widget\" data-widget_type=\"text-editor.default\">\n\t\t\t\t\t\t\t\t\t<p>Este sitio web y todo su contenido es propiedad de Agri Technology Solutions. Al acceder y utilizar este sitio web, usted acepta cumplir con los siguientes t\u00e9rminos y condiciones de uso. Si no est\u00e1 de acuerdo con alguno de estos t\u00e9rminos, por favor, no utilice nuestro sitio web.<\/p><p><strong>Propiedad Intelectual<\/strong> Todo el contenido, incluyendo textos, im\u00e1genes, logotipos, gr\u00e1ficos, y otros materiales disponibles en este sitio web, est\u00e1 protegido por derechos de autor y otras leyes de propiedad intelectual. No se permite la reproducci\u00f3n, distribuci\u00f3n, modificaci\u00f3n o uso de cualquier contenido sin el consentimiento previo por escrito de Agri Technology Solutions.<\/p><p><strong>Limitaci\u00f3n de Responsabilidad<\/strong> Agri Technology Solutions no se responsabiliza por cualquier da\u00f1o o p\u00e9rdida derivados del uso de este sitio web o de la informaci\u00f3n contenida en \u00e9l. Nos esforzamos por mantener la informaci\u00f3n actualizada y precisa, pero no garantizamos su exactitud o integridad. El uso de la informaci\u00f3n y el contenido de este sitio web es bajo su propio riesgo.<\/p><p><strong>Enlaces a Terceros<\/strong> Este sitio web puede contener enlaces a otros sitios web que no son operados por Agri Technology Solutions. No tenemos control sobre el contenido y las pr\u00e1cticas de estos sitios y no asumimos ninguna responsabilidad por ellos. La inclusi\u00f3n de cualquier enlace no implica una aprobaci\u00f3n o respaldo del sitio enlazado por nuestra parte.<\/p><p><strong>Privacidad<\/strong> El manejo de su informaci\u00f3n personal est\u00e1 regido por nuestra pol\u00edtica de privacidad, la cual puede ser consultada en la secci\u00f3n correspondiente de nuestro sitio web. Nos comprometemos a proteger su privacidad y a utilizar su informaci\u00f3n personal \u00fanicamente de acuerdo con nuestra pol\u00edtica de privacidad.<\/p><p><strong>Modificaciones del Aviso Legal<\/strong> Agri Technology Solutions se reserva el derecho de modificar estos t\u00e9rminos y condiciones en cualquier momento sin previo aviso. Se recomienda a los usuarios revisar esta p\u00e1gina peri\u00f3dicamente para estar al tanto de cualquier cambio. El uso continuado de este sitio web tras la publicaci\u00f3n de cualquier modificaci\u00f3n constituye la aceptaci\u00f3n de dichos cambios.<\/p><p><strong>Contato<\/strong> Para cualquier pregunta o comentario relacionado con estos avisos legales, por favor cont\u00e1ctenos a trav\u00e9s de la informaci\u00f3n de contacto proporcionada en nuestro sitio web.<\/p>\t\t\t\t\t\t\t\t<\/div>\n\t\t\t\t\t<\/div>\n\t\t\t\t<\/div>\n\t\t\t\t<\/div>\n\t\t\t\t<\/div>","protected":false},"excerpt":{"rendered":"<p>Aviso Legal Este sitio web y todo su contenido es propiedad de Agri Technology Solutions. Al acceder y utilizar este [&hellip;]<\/p>\n","protected":false},"author":1,"featured_media":48,"parent":0,"menu_order":0,"comment_status":"closed","ping_status":"closed","template":"","meta":{"site-sidebar-layout":"no-sidebar","site-content-layout":"","ast-site-content-layout":"full-width-container","site-content-style":"default","site-sidebar-style":"default","ast-global-header-display":"","ast-banner-title-visibility":"","ast-main-header-display":"","ast-hfb-above-header-display":"","ast-hfb-below-header-display":"","ast-hfb-mobile-header-display":"","site-post-title":"disabled","ast-breadcrumbs-content":"","ast-featured-img":"disabled","footer-sml-layout":"","ast-disable-related-posts":"","theme-transparent-header-meta":"","adv-header-id-meta":"","stick-header-meta":"","header-above-stick-meta":"","header-main-stick-meta":"","header-below-stick-meta":"","astra-migrate-meta-layouts":"default","ast-page-background-enabled":"default","ast-page-background-meta":{"desktop":{"background-color":"var(--ast-global-color-4)","background-image":"","background-repeat":"repeat","background-position":"center center","background-size":"auto","background-attachment":"scroll","background-type":"","background-media":"","overlay-type":"","overlay-color":"","overlay-opacity":"","overlay-gradient":""},"tablet":{"background-color":"","background-image":"","background-repeat":"repeat","background-position":"center center","background-size":"auto","background-attachment":"scroll","background-type":"","background-media":"","overlay-type":"","overlay-color":"","overlay-opacity":"","overlay-gradient":""},"mobile":{"background-color":"","background-image":"","background-repeat":"repeat","background-position":"center center","background-size":"auto","background-attachment":"scroll","background-type":"","background-media":"","overlay-type":"","overlay-color":"","overlay-opacity":"","overlay-gradient":""}},"ast-content-background-meta":{"desktop":{"background-color":"var(--ast-global-color-5)","background-image":"","background-repeat":"repeat","background-position":"center center","background-size":"auto","background-attachment":"scroll","background-type":"","background-media":"","overlay-type":"","overlay-color":"","overlay-opacity":"","overlay-gradient":""},"tablet":{"background-color":"var(--ast-global-color-5)","background-image":"","background-repeat":"repeat","background-position":"center center","background-size":"auto","background-attachment":"scroll","background-type":"","background-media":"","overlay-type":"","overlay-color":"","overlay-opacity":"","overlay-gradient":""},"mobile":{"background-color":"var(--ast-global-color-5)","background-image":"","background-repeat":"repeat","background-position":"center center","background-size":"auto","background-attachment":"scroll","background-type":"","background-media":"","overlay-type":"","overlay-color":"","overlay-opacity":"","overlay-gradient":""}},"footnotes":""},"class_list":["post-602","page","type-page","status-publish","has-post-thumbnail","hentry"],"_links":{"self":[{"href":"https:\/\/www.agri-techsolutions.com\/pt\/wp-json\/wp\/v2\/pages\/602","targetHints":{"allow":["GET"]}}],"collection":[{"href":"https:\/\/www.agri-techsolutions.com\/pt\/wp-json\/wp\/v2\/pages"}],"about":[{"href":"https:\/\/www.agri-techsolutions.com\/pt\/wp-json\/wp\/v2\/types\/page"}],"author":[{"embeddable":true,"href":"https:\/\/www.agri-techsolutions.com\/pt\/wp-json\/wp\/v2\/users\/1"}],"replies":[{"embeddable":true,"href":"https:\/\/www.agri-techsolutions.com\/pt\/wp-json\/wp\/v2\/comments?post=602"}],"version-history":[{"count":1,"href":"https:\/\/www.agri-techsolutions.com\/pt\/wp-json\/wp\/v2\/pages\/602\/revisions"}],"predecessor-version":[{"id":19552,"href":"https:\/\/www.agri-techsolutions.com\/pt\/wp-json\/wp\/v2\/pages\/602\/revisions\/19552"}],"wp:featuredmedia":[{"embeddable":true,"href":"https:\/\/www.agri-techsolutions.com\/pt\/wp-json\/wp\/v2\/media\/48"}],"wp:attachment":[{"href":"https:\/\/www.agri-techsolutions.com\/pt\/wp-json\/wp\/v2\/media?parent=602"}],"curies":[{"name":"wp","href":"https:\/\/api.w.org\/{rel}","templated":true}]}}