{"id":842,"date":"2024-05-21T05:24:06","date_gmt":"2024-05-21T05:24:06","guid":{"rendered":"https:\/\/reform.agri-techsolutions.com\/?page_id=842"},"modified":"2024-09-07T22:31:40","modified_gmt":"2024-09-07T22:31:40","slug":"confirmacion","status":"publish","type":"page","link":"https:\/\/www.agri-techsolutions.com\/pt\/confirmacion\/","title":{"rendered":"Confirmaci\u00f3n"},"content":{"rendered":"<div data-elementor-type=\"wp-page\" data-elementor-id=\"842\" class=\"elementor elementor-842\" data-elementor-post-type=\"page\">\n\t\t\t\t<div data-particle_enable=\"false\" data-particle-mobile-disabled=\"false\" class=\"elementor-element elementor-element-a48fc11 e-flex e-con-boxed e-con e-parent\" data-id=\"a48fc11\" data-element_type=\"container\" data-e-type=\"container\" data-settings=\"{&quot;background_background&quot;:&quot;gradient&quot;}\">\n\t\t\t\t\t<div class=\"e-con-inner\">\n\t\t\t\t<div class=\"elementor-element elementor-element-ee493f7 elementor-widget elementor-widget-spacer\" data-id=\"ee493f7\" data-element_type=\"widget\" data-e-type=\"widget\" data-widget_type=\"spacer.default\">\n\t\t\t\t\t\t\t<div class=\"elementor-spacer\">\n\t\t\t<div class=\"elementor-spacer-inner\"><\/div>\n\t\t<\/div>\n\t\t\t\t\t\t<\/div>\n\t\t\t\t<div class=\"elementor-element elementor-element-bc97b01 elementor-widget elementor-widget-heading\" data-id=\"bc97b01\" data-element_type=\"widget\" data-e-type=\"widget\" data-widget_type=\"heading.default\">\n\t\t\t\t\t<h2 class=\"elementor-heading-title elementor-size-default\">\u00a1Gracias por Suscribirte!<\/h2>\t\t\t\t<\/div>\n\t\t\t\t<div class=\"elementor-element elementor-element-f55a0f2 elementor-widget elementor-widget-text-editor\" data-id=\"f55a0f2\" data-element_type=\"widget\" data-e-type=\"widget\" data-widget_type=\"text-editor.default\">\n\t\t\t\t\t\t\t\t\t<h4>Tu suscripci\u00f3n ha sido confirmada.<\/h4><p>Nos complace informarte que tu suscripci\u00f3n ha sido exitosa. En breve, uno de nuestros asesores se pondr\u00e1 en contacto contigo para brindarte m\u00e1s detalles y responder a cualquier pregunta que puedas tener.<\/p><p>Mientras tanto, aqu\u00ed tienes algunas cosas que podr\u00edas hacer:<\/p><ul><li><strong>Revisa tu correo electr\u00f3nico<\/strong>: Te hemos enviado un correo de confirmaci\u00f3n con m\u00e1s informaci\u00f3n sobre nuestros servicios.<\/li><li><strong>Con\u00e9ctate con nosotros en redes sociales<\/strong>: S\u00edguenos en <a href=\"https:\/\/chatgpt.com\/c\/5a99ea90-f797-4113-bd00-6f7eccf6ac78#\" target=\"_new\" rel=\"noreferrer noopener\">Facebook<\/a>, <a href=\"https:\/\/chatgpt.com\/c\/5a99ea90-f797-4113-bd00-6f7eccf6ac78#\" target=\"_new\" rel=\"noreferrer noopener\">Instagram<\/a> y <a href=\"https:\/\/chatgpt.com\/c\/5a99ea90-f797-4113-bd00-6f7eccf6ac78#\" target=\"_new\" rel=\"noreferrer noopener\">Twitter<\/a> para mantenerte al d\u00eda con nuestras \u00faltimas noticias y ofertas especiales.<\/li><li><strong>Explora nuestro sitio web<\/strong>: Descubre m\u00e1s sobre nuestros servicios y c\u00f3mo podemos ayudarte a alcanzar tus objetivos.<\/li><\/ul>\t\t\t\t\t\t\t\t<\/div>\n\t\t\t\t\t<\/div>\n\t\t\t\t<\/div>\n\t\t\t\t<\/div>","protected":false},"excerpt":{"rendered":"<p>\u00a1Gracias por Suscribirte! Tu suscripci\u00f3n ha sido confirmada. Nos complace informarte que tu suscripci\u00f3n ha sido exitosa. En breve, uno [&hellip;]<\/p>\n","protected":false},"author":1,"featured_media":0,"parent":0,"menu_order":0,"comment_status":"closed","ping_status":"closed","template":"","meta":{"site-sidebar-layout":"no-sidebar","site-content-layout":"","ast-site-content-layout":"full-width-container","site-content-style":"default","site-sidebar-style":"default","ast-global-header-display":"","ast-banner-title-visibility":"","ast-main-header-display":"","ast-hfb-above-header-display":"","ast-hfb-below-header-display":"","ast-hfb-mobile-header-display":"","site-post-title":"disabled","ast-breadcrumbs-content":"","ast-featured-img":"disabled","footer-sml-layout":"","ast-disable-related-posts":"","theme-transparent-header-meta":"","adv-header-id-meta":"","stick-header-meta":"","header-above-stick-meta":"","header-main-stick-meta":"","header-below-stick-meta":"","astra-migrate-meta-layouts":"default","ast-page-background-enabled":"default","ast-page-background-meta":{"desktop":{"background-color":"var(--ast-global-color-4)","background-image":"","background-repeat":"repeat","background-position":"center center","background-size":"auto","background-attachment":"scroll","background-type":"","background-media":"","overlay-type":"","overlay-color":"","overlay-opacity":"","overlay-gradient":""},"tablet":{"background-color":"","background-image":"","background-repeat":"repeat","background-position":"center center","background-size":"auto","background-attachment":"scroll","background-type":"","background-media":"","overlay-type":"","overlay-color":"","overlay-opacity":"","overlay-gradient":""},"mobile":{"background-color":"","background-image":"","background-repeat":"repeat","background-position":"center center","background-size":"auto","background-attachment":"scroll","background-type":"","background-media":"","overlay-type":"","overlay-color":"","overlay-opacity":"","overlay-gradient":""}},"ast-content-background-meta":{"desktop":{"background-color":"var(--ast-global-color-5)","background-image":"","background-repeat":"repeat","background-position":"center center","background-size":"auto","background-attachment":"scroll","background-type":"","background-media":"","overlay-type":"","overlay-color":"","overlay-opacity":"","overlay-gradient":""},"tablet":{"background-color":"var(--ast-global-color-5)","background-image":"","background-repeat":"repeat","background-position":"center center","background-size":"auto","background-attachment":"scroll","background-type":"","background-media":"","overlay-type":"","overlay-color":"","overlay-opacity":"","overlay-gradient":""},"mobile":{"background-color":"var(--ast-global-color-5)","background-image":"","background-repeat":"repeat","background-position":"center center","background-size":"auto","background-attachment":"scroll","background-type":"","background-media":"","overlay-type":"","overlay-color":"","overlay-opacity":"","overlay-gradient":""}},"footnotes":""},"class_list":["post-842","page","type-page","status-publish","hentry"],"_links":{"self":[{"href":"https:\/\/www.agri-techsolutions.com\/pt\/wp-json\/wp\/v2\/pages\/842","targetHints":{"allow":["GET"]}}],"collection":[{"href":"https:\/\/www.agri-techsolutions.com\/pt\/wp-json\/wp\/v2\/pages"}],"about":[{"href":"https:\/\/www.agri-techsolutions.com\/pt\/wp-json\/wp\/v2\/types\/page"}],"author":[{"embeddable":true,"href":"https:\/\/www.agri-techsolutions.com\/pt\/wp-json\/wp\/v2\/users\/1"}],"replies":[{"embeddable":true,"href":"https:\/\/www.agri-techsolutions.com\/pt\/wp-json\/wp\/v2\/comments?post=842"}],"version-history":[{"count":1,"href":"https:\/\/www.agri-techsolutions.com\/pt\/wp-json\/wp\/v2\/pages\/842\/revisions"}],"predecessor-version":[{"id":19554,"href":"https:\/\/www.agri-techsolutions.com\/pt\/wp-json\/wp\/v2\/pages\/842\/revisions\/19554"}],"wp:attachment":[{"href":"https:\/\/www.agri-techsolutions.com\/pt\/wp-json\/wp\/v2\/media?parent=842"}],"curies":[{"name":"wp","href":"https:\/\/api.w.org\/{rel}","templated":true}]}}